{"id":4281,"date":"2020-02-27T11:09:03","date_gmt":"2020-02-27T11:09:03","guid":{"rendered":"https:\/\/rhum-damoiseau.com\/faq\/"},"modified":"2022-02-09T17:32:23","modified_gmt":"2022-02-09T17:32:23","slug":"preguntas-frecuentes","status":"publish","type":"page","link":"https:\/\/rhum-damoiseau.com\/es\/preguntas-frecuentes\/","title":{"rendered":"Preguntas frecuentes"},"content":{"rendered":"[vc_row type=\u00bbfull_width_background\u00bb full_screen_row_position=\u00bbmiddle\u00bb column_margin=\u00bbdefault\u00bb column_direction=\u00bbdefault\u00bb column_direction_tablet=\u00bbdefault\u00bb column_direction_phone=\u00bbdefault\u00bb bg_image=\u00bb537&#8243; bg_position=\u00bbcenter bottom\u00bb background_image_loading=\u00bbdefault\u00bb bg_repeat=\u00bbno-repeat\u00bb scene_position=\u00bbcenter\u00bb bottom_padding=\u00bb5%\u00bb text_color=\u00bbdark\u00bb text_align=\u00bbleft\u00bb row_border_radius=\u00bbnone\u00bb row_border_radius_applies=\u00bbbg\u00bb overflow=\u00bbvisible\u00bb class=\u00bbconfidentialite-header-background\u00bb overlay_strength=\u00bb0.3&#8243; gradient_direction=\u00bbleft_to_right\u00bb shape_divider_position=\u00bbbottom\u00bb bg_image_animation=\u00bbnone\u00bb shape_type=\u00bb\u00bb][vc_column column_padding=\u00bbpadding-5-percent\u00bb column_padding_tablet=\u00bbinherit\u00bb column_padding_phone=\u00bbinherit\u00bb column_padding_position=\u00bball\u00bb column_element_spacing=\u00bbdefault\u00bb background_color_opacity=\u00bb1&#8243; background_hover_color_opacity=\u00bb1&#8243; column_shadow=\u00bbnone\u00bb column_border_radius=\u00bbnone\u00bb column_link_target=\u00bb_self\u00bb column_position=\u00bbdefault\u00bb gradient_direction=\u00bbleft_to_right\u00bb overlay_strength=\u00bb0.3&#8243; width=\u00bb1\/1&#8243; tablet_width_inherit=\u00bbdefault\u00bb tablet_text_alignment=\u00bbdefault\u00bb phone_text_alignment=\u00bbdefault\u00bb animation_type=\u00bbdefault\u00bb bg_image_animation=\u00bbnone\u00bb border_type=\u00bbsimple\u00bb column_border_width=\u00bbnone\u00bb column_border_style=\u00bbsolid\u00bb][heading subtitle=\u00bbsobre el ron Damoiseau\u00bb]\n<h1>Preguntas frecuentes<\/h1>\n[\/heading][\/vc_column][\/vc_row][vc_row type=\u00bbin_container\u00bb full_screen_row_position=\u00bbmiddle\u00bb column_margin=\u00bbdefault\u00bb column_direction=\u00bbdefault\u00bb column_direction_tablet=\u00bbdefault\u00bb column_direction_phone=\u00bbdefault\u00bb scene_position=\u00bbcenter\u00bb text_color=\u00bbdark\u00bb text_align=\u00bbleft\u00bb row_border_radius=\u00bbnone\u00bb row_border_radius_applies=\u00bbbg\u00bb overflow=\u00bbvisible\u00bb class=\u00bbfaq\u00bb overlay_strength=\u00bb0.3&#8243; gradient_direction=\u00bbleft_to_right\u00bb shape_divider_position=\u00bbbottom\u00bb bg_image_animation=\u00bbnone\u00bb shape_type=\u00bb\u00bb][vc_column column_padding=\u00bbno-extra-padding\u00bb column_padding_tablet=\u00bbinherit\u00bb column_padding_phone=\u00bbinherit\u00bb column_padding_position=\u00bball\u00bb column_element_spacing=\u00bbdefault\u00bb background_color_opacity=\u00bb1&#8243; background_hover_color_opacity=\u00bb1&#8243; column_shadow=\u00bbnone\u00bb column_border_radius=\u00bbnone\u00bb column_link_target=\u00bb_self\u00bb column_position=\u00bbdefault\u00bb gradient_direction=\u00bbleft_to_right\u00bb overlay_strength=\u00bb0.3&#8243; width=\u00bb1\/1&#8243; tablet_width_inherit=\u00bbdefault\u00bb tablet_text_alignment=\u00bbdefault\u00bb phone_text_alignment=\u00bbdefault\u00bb animation_type=\u00bbdefault\u00bb bg_image_animation=\u00bbnone\u00bb border_type=\u00bbsimple\u00bb column_border_width=\u00bbnone\u00bb column_border_style=\u00bbsolid\u00bb][toggles style=\u00bbminimal\u00bb accordion=\u00bbtrue\u00bb accordion_starting_functionality=\u00bbdefault\u00bb][toggle color=\u00bbExtra-Color-1&#8243; title=\u00bb\u00bfPor qu\u00e9 el ron es m\u00e1s caro en Francia metropolitana que en las Antillas?\u00bb][vc_column_text]Las Antillas y Reuni\u00f3n disfrutan de una tributaci\u00f3n privilegiada sobre los rones.<br \/>\nEstos son los detalles:[\/vc_column_text][image_with_animation image_url=\u00bb5310&#8243; image_size=\u00bbfull\u00bb animation_type=\u00bbentrance\u00bb animation=\u00bbNone\u00bb hover_animation=\u00bbnone\u00bb alignment=\u00bbcenter\u00bb border_radius=\u00bbnone\u00bb box_shadow=\u00bbnone\u00bb image_loading=\u00bbdefault\u00bb max_width=\u00bb100%\u00bb max_width_mobile=\u00bbdefault\u00bb][vc_column_text][\/vc_column_text][\/toggle][toggle color=\u00bbExtra-Color-1&#8243; title=\u00bb\u00bfPor qu\u00e9 pasar por un distribuidor para el extranjero y cu\u00e1l es la normativa?\u00bb][vc_column_text]Las leyes vigentes en todos los pa\u00edses del mundo exigen que los impuestos sobre el alcohol se abonen en el lugar de consumo y no en el lugar de producci\u00f3n o de env\u00edo. Por consiguiente, la normativa nos obliga a pasar por un distribuidor autorizado fiscalmente que abone los impuestos y las tasas vigentes en su pa\u00eds antes de comercializar nuestros productos. Es la raz\u00f3n por la cual nos es imposible enviar directamente ron a un particular o una empresa situada en el extranjero que no disponga de una autorizaci\u00f3n fiscal.[\/vc_column_text][vc_column_text][\/vc_column_text][\/toggle][toggle color=\u00bbExtra-Color-1&#8243; title=\u00bb\u00bfC\u00f3mo obtener cubis de 4,5 litros?\u00bb][vc_column_text]Tienes dos soluciones:<\/p>\n<ul>\n<li>Ir a un establecimiento METRO que distribuye los cubis de ron Damoiseau de 4,5 litros<\/li>\n<li><a href=\"https:\/\/www.rhum-des-iles.com\/7-rhum-damoiseau\" target=\"_blank\" rel=\"noopener noreferrer\">Realizar un pedido por Internet<\/a> (solamente para los env\u00edos en Francia metropolitana)<\/li>\n<\/ul>\n[\/vc_column_text][vc_column_text][\/vc_column_text][\/toggle][toggle color=\u00bbExtra-Color-1&#8243; title=\u00bb\u00bfEs posible ir a vuestros almacenes en la regi\u00f3n de Par\u00eds?\u00bb][vc_column_text]Estar\u00edamos encantados de recibir tu visita. Lamentablemente, nuestros almacenes en la regi\u00f3n de Par\u00eds est\u00e1n sujetos a una legislaci\u00f3n muy estricta (instalaci\u00f3n clasificada para la Protecci\u00f3n del Medio Ambiente), y no tienen la habilitaci\u00f3n necesaria para los Establecimientos Abiertos al P\u00fablico (ERP).[\/vc_column_text][vc_column_text][\/vc_column_text][\/toggle][toggle color=\u00bbExtra-Color-1&#8243; title=\u00bb\u00bfPor qu\u00e9 a veces se agotan las existencias de vuestros productos?\u00bb][vc_column_text]Hacemos todo lo posible por almacenar en cantidad suficiente todos nuestros productos con el fin de satisfacer al cliente, planificando cuidadosamente con antelaci\u00f3n nuestro abastecimiento. Todos nuestros productos se embotellan en Guadalupe y no sufren modificaciones ni transformaciones al llegar a Francia metropolitana. Se trata de productos 100 % <em>p\u00e9yi<\/em>.<\/p>\n<p>Dicho esto, a veces experimentamos, de forma totalmente imprevisible, las consecuencias de movimientos sociales en Guadalupe (huelgas del \u00fanico puerto, camioneros, estaciones de servicio\u2026 \u00a1o huelga general de 44 d\u00edas como en 2009!). Aunque hayamos invertido en mayores capacidades de almacenamiento en Francia metropolitana, si las perturbaciones duran demasiado tiempo, llega inevitablemente un momento en que se nos agotan las existencias.<\/p>\n<p>Por si esto fuera poco, en caso de huelga portuaria en Guadalupe (frecuentes y nada mediatizadas en Francia metropolitana), los barcos descargan nuestros contenedores de botellas vac\u00edas por todo el Caribe, por lo que debemos recuperar nuestros contenedores uno a uno desde Trinidad hasta Puerto Rico, y luego volver a poner en marcha nuestras cadenas de embotellado.<\/p>\n<p>Todo ello provoca retrasos, que afortunadamente hemos podido acortar desde la huelga de 2009, pero que no hemos podido eliminar totalmente&#8230;[\/vc_column_text][vc_column_text][\/vc_column_text][\/toggle][toggle color=\u00bbExtra-Color-1&#8243; title=\u00bbDeseo montar mi propio establecimiento o bar de ron. \u00bfA qui\u00e9n debo dirigirme?\u00bb][vc_column_text]Lo mejor es que te pongas en contacto con nuestros <a href=\"\/es\/puntos-de-venta\/#grossistes\">mayoristas<\/a>. En nuestra base log\u00edstica de la regi\u00f3n de Par\u00eds solo tratamos los grandes vol\u00famenes por palets completos, los cuales enviamos a nuestros mayoristas de la regi\u00f3n para limitar al m\u00e1ximo los costes log\u00edsticos que aumentan r\u00e1pidamente.[\/vc_column_text][vc_column_text][\/vc_column_text][\/toggle][toggle color=\u00bbExtra-Color-1&#8243; title=\u00bbDeseo montar mi empresa de ron arrang\u00e9. \u00bfPod\u00e9is enviarme ron a granel?\u00bb][vc_column_text]Nuestra empresa no suministra ron a granel. Todos nuestros productos se envasan en botellas (de 35 cl a 1,5 litros) y en <em>cubis<\/em> (de 3 litros a 5 litros) in situ, en Guadalupe.[\/vc_column_text][vc_column_text][\/vc_column_text][\/toggle][toggle color=\u00bbExtra-Color-1&#8243; title=\u00bb\u00bfCu\u00e1l es la diferencia entre ron agr\u00edcola y ron industrial? \u00bfProduce Guadalupe ron industrial?\u00bb][vc_column_text]La diferencia entre el ron agr\u00edcola y el ron industrial radica principalmente en dos factores:<\/p>\n<p>&#8211; El ron agr\u00edcola se destila a partir de jugo de ca\u00f1a puro prensado mientras que el ron industrial se produce a partir de un mosto de melaza, residuo org\u00e1nico de la elaboraci\u00f3n de az\u00facar. Muchos pa\u00edses, que carecen de ca\u00f1a de az\u00facar, compran melaza a los pa\u00edses productores de ca\u00f1a de az\u00facar para producir ron industrial.<br \/>\n&#8211; La otra diferencia es el alambique utilizado: columna de destilaci\u00f3n para el agr\u00edcola (artesanal o semiartesanal) y columna m\u00faltiple para el ron industrial.<\/p>\n<p>Desde el punto de vista organol\u00e9ptico, el ron agr\u00edcola se diferencia por un aroma floral, vegetal, con una suavidad y una complejidad naturales y un contenido de sustancias vol\u00e1tiles de 225 g por hectolitro de alcohol puro como m\u00ednimo en el ron. En el caso del ron industrial, el proceso est\u00e1 totalmente automatizado y produce un alcohol de bajo contenido en sustancias vol\u00e1tiles, un licor m\u00e1s bien seco y que se utiliza principalmente como base para la fabricaci\u00f3n de c\u00f3cteles.<\/p>\n<p>La Indicaci\u00f3n Geogr\u00e1fica de Guadalupe permite producir dos tipos de ron, pero ninguno de ellos puede denominarse \u00abindustrial\u00bb. El ron de Guadalupe es un ron cuyo proceso de producci\u00f3n \u00edntegro se realiza en la zona geogr\u00e1fica formada por el territorio del departamento de Guadalupe. Puede ser \u00abtradicional agr\u00edcola\u00bb, 100 % puro jugo de ca\u00f1a fermentado destilado, o \u00abtradicional de azucarera\u00bb, destilado a partir de melazas procedentes de la producci\u00f3n azucarera local.<\/p>\n<p>El ron tradicional de Guadalupe, ya sea agr\u00edcola o de azucarera, a diferencia del ron industrial, tiene un alto contenido de sustancias vol\u00e1tiles gracias a la destilaci\u00f3n criolla que da vida al ron afrutado, floral, suave y mineral que tanto nos gusta.[\/vc_column_text][vc_column_text][\/vc_column_text][\/toggle][\/toggles][\/vc_column][\/vc_row]\n","protected":false},"excerpt":{"rendered":"<p>[vc_row type=\u00bbfull_width_background\u00bb full_screen_row_position=\u00bbmiddle\u00bb column_margin=\u00bbdefault\u00bb column_direction=\u00bbdefault\u00bb column_direction_tablet=\u00bbdefault\u00bb column_direction_phone=\u00bbdefault\u00bb bg_image=\u00bb537&#8243; bg_position=\u00bbcenter bottom\u00bb background_image_loading=\u00bbdefault\u00bb bg_repeat=\u00bbno-repeat\u00bb scene_position=\u00bbcenter\u00bb bottom_padding=\u00bb5%\u00bb text_color=\u00bbdark\u00bb text_align=\u00bbleft\u00bb row_border_radius=\u00bbnone\u00bb row_border_radius_applies=\u00bbbg\u00bb overflow=\u00bbvisible\u00bb class=\u00bbconfidentialite-header-background\u00bb overlay_strength=\u00bb0.3&#8243; gradient_direction=\u00bbleft_to_right\u00bb shape_divider_position=\u00bbbottom\u00bb bg_image_animation=\u00bbnone\u00bb shape_type=\u00bb\u00bb][vc_column column_padding=\u00bbpadding-5-percent\u00bb column_padding_tablet=\u00bbinherit\u00bb column_padding_phone=\u00bbinherit\u00bb column_padding_position=\u00bball\u00bb column_element_spacing=\u00bbdefault\u00bb&#8230;<\/p>\n","protected":false},"author":1,"featured_media":0,"parent":0,"menu_order":0,"comment_status":"closed","ping_status":"closed","template":"","meta":{"footnotes":""},"class_list":["post-4281","page","type-page","status-publish"],"yoast_head":"<!-- This site is optimized with the Yoast SEO plugin v27.4 - https:\/\/yoast.com\/product\/yoast-seo-wordpress\/ -->\n<title>Preguntas frecuentes - Les Rhums Damoiseau<\/title>\n<meta name=\"robots\" content=\"index, follow, max-snippet:-1, max-image-preview:large, max-video-preview:-1\" \/>\n<link rel=\"canonical\" href=\"https:\/\/rhum-damoiseau.com\/faq\/\" \/>\n<meta property=\"og:locale\" content=\"es_ES\" \/>\n<meta property=\"og:type\" content=\"article\" \/>\n<meta property=\"og:title\" content=\"Preguntas frecuentes - Les Rhums Damoiseau\" \/>\n<meta property=\"og:description\" content=\"[vc_row type=\u00bbfull_width_background\u00bb full_screen_row_position=\u00bbmiddle\u00bb column_margin=\u00bbdefault\u00bb column_direction=\u00bbdefault\u00bb column_direction_tablet=\u00bbdefault\u00bb column_direction_phone=\u00bbdefault\u00bb bg_image=\u00bb537&#8243; bg_position=\u00bbcenter bottom\u00bb background_image_loading=\u00bbdefault\u00bb bg_repeat=\u00bbno-repeat\u00bb scene_position=\u00bbcenter\u00bb bottom_padding=\u00bb5%\u00bb text_color=\u00bbdark\u00bb text_align=\u00bbleft\u00bb row_border_radius=\u00bbnone\u00bb row_border_radius_applies=\u00bbbg\u00bb overflow=\u00bbvisible\u00bb class=\u00bbconfidentialite-header-background\u00bb overlay_strength=\u00bb0.3&#8243; gradient_direction=\u00bbleft_to_right\u00bb shape_divider_position=\u00bbbottom\u00bb bg_image_animation=\u00bbnone\u00bb shape_type=\u00bb\u00bb][vc_column column_padding=\u00bbpadding-5-percent\u00bb column_padding_tablet=\u00bbinherit\u00bb column_padding_phone=\u00bbinherit\u00bb column_padding_position=\u00bball\u00bb column_element_spacing=\u00bbdefault\u00bb...\" \/>\n<meta property=\"og:url\" content=\"https:\/\/rhum-damoiseau.com\/faq\/\" \/>\n<meta property=\"og:site_name\" content=\"Les Rhums Damoiseau\" \/>\n<meta property=\"article:publisher\" content=\"https:\/\/www.facebook.com\/rhumdamoiseau\/\" \/>\n<meta property=\"article:modified_time\" content=\"2022-02-09T17:32:23+00:00\" \/>\n<meta name=\"twitter:card\" content=\"summary_large_image\" \/>\n<meta name=\"twitter:site\" content=\"@RhumDamoiseau\" \/>\n<meta name=\"twitter:label1\" content=\"Tiempo de lectura\" \/>\n\t<meta name=\"twitter:data1\" content=\"5 minutos\" \/>\n<script type=\"application\/ld+json\" class=\"yoast-schema-graph\">{\"@context\":\"https:\\\/\\\/schema.org\",\"@graph\":[{\"@type\":\"WebPage\",\"@id\":\"https:\\\/\\\/rhum-damoiseau.com\\\/faq\\\/\",\"url\":\"https:\\\/\\\/rhum-damoiseau.com\\\/faq\\\/\",\"name\":\"Preguntas frecuentes - Les Rhums Damoiseau\",\"isPartOf\":{\"@id\":\"https:\\\/\\\/rhum-damoiseau.com\\\/#website\"},\"datePublished\":\"2020-02-27T11:09:03+00:00\",\"dateModified\":\"2022-02-09T17:32:23+00:00\",\"breadcrumb\":{\"@id\":\"https:\\\/\\\/rhum-damoiseau.com\\\/faq\\\/#breadcrumb\"},\"inLanguage\":\"es\",\"potentialAction\":[{\"@type\":\"ReadAction\",\"target\":[\"https:\\\/\\\/rhum-damoiseau.com\\\/faq\\\/\"]}]},{\"@type\":\"BreadcrumbList\",\"@id\":\"https:\\\/\\\/rhum-damoiseau.com\\\/faq\\\/#breadcrumb\",\"itemListElement\":[{\"@type\":\"ListItem\",\"position\":1,\"name\":\"Accueil\",\"item\":\"https:\\\/\\\/rhum-damoiseau.com\\\/es\\\/\"},{\"@type\":\"ListItem\",\"position\":2,\"name\":\"Preguntas frecuentes\"}]},{\"@type\":\"WebSite\",\"@id\":\"https:\\\/\\\/rhum-damoiseau.com\\\/#website\",\"url\":\"https:\\\/\\\/rhum-damoiseau.com\\\/\",\"name\":\"Les Rhums Damoiseau\",\"description\":\"\",\"publisher\":{\"@id\":\"https:\\\/\\\/rhum-damoiseau.com\\\/#organization\"},\"potentialAction\":[{\"@type\":\"SearchAction\",\"target\":{\"@type\":\"EntryPoint\",\"urlTemplate\":\"https:\\\/\\\/rhum-damoiseau.com\\\/?s={search_term_string}\"},\"query-input\":{\"@type\":\"PropertyValueSpecification\",\"valueRequired\":true,\"valueName\":\"search_term_string\"}}],\"inLanguage\":\"es\"},{\"@type\":\"Organization\",\"@id\":\"https:\\\/\\\/rhum-damoiseau.com\\\/#organization\",\"name\":\"Rhum Damoiseau\",\"url\":\"https:\\\/\\\/rhum-damoiseau.com\\\/\",\"logo\":{\"@type\":\"ImageObject\",\"inLanguage\":\"es\",\"@id\":\"https:\\\/\\\/rhum-damoiseau.com\\\/#\\\/schema\\\/logo\\\/image\\\/\",\"url\":\"https:\\\/\\\/rhum-damoiseau.com\\\/wp-content\\\/uploads\\\/2019\\\/10\\\/logo-rhum-damoiseau.png\",\"contentUrl\":\"https:\\\/\\\/rhum-damoiseau.com\\\/wp-content\\\/uploads\\\/2019\\\/10\\\/logo-rhum-damoiseau.png\",\"width\":339,\"height\":218,\"caption\":\"Rhum Damoiseau\"},\"image\":{\"@id\":\"https:\\\/\\\/rhum-damoiseau.com\\\/#\\\/schema\\\/logo\\\/image\\\/\"},\"sameAs\":[\"https:\\\/\\\/www.facebook.com\\\/rhumdamoiseau\\\/\",\"https:\\\/\\\/x.com\\\/RhumDamoiseau\",\"https:\\\/\\\/www.instagram.com\\\/rhum_damoiseau\\\/?hl=fr\"]}]}<\/script>\n<!-- \/ Yoast SEO plugin. -->","yoast_head_json":{"title":"Preguntas frecuentes - Les Rhums Damoiseau","robots":{"index":"index","follow":"follow","max-snippet":"max-snippet:-1","max-image-preview":"max-image-preview:large","max-video-preview":"max-video-preview:-1"},"canonical":"https:\/\/rhum-damoiseau.com\/faq\/","og_locale":"es_ES","og_type":"article","og_title":"Preguntas frecuentes - Les Rhums Damoiseau","og_description":"[vc_row type=\u00bbfull_width_background\u00bb full_screen_row_position=\u00bbmiddle\u00bb column_margin=\u00bbdefault\u00bb column_direction=\u00bbdefault\u00bb column_direction_tablet=\u00bbdefault\u00bb column_direction_phone=\u00bbdefault\u00bb bg_image=\u00bb537&#8243; bg_position=\u00bbcenter bottom\u00bb background_image_loading=\u00bbdefault\u00bb bg_repeat=\u00bbno-repeat\u00bb scene_position=\u00bbcenter\u00bb bottom_padding=\u00bb5%\u00bb text_color=\u00bbdark\u00bb text_align=\u00bbleft\u00bb row_border_radius=\u00bbnone\u00bb row_border_radius_applies=\u00bbbg\u00bb overflow=\u00bbvisible\u00bb class=\u00bbconfidentialite-header-background\u00bb overlay_strength=\u00bb0.3&#8243; gradient_direction=\u00bbleft_to_right\u00bb shape_divider_position=\u00bbbottom\u00bb bg_image_animation=\u00bbnone\u00bb shape_type=\u00bb\u00bb][vc_column column_padding=\u00bbpadding-5-percent\u00bb column_padding_tablet=\u00bbinherit\u00bb column_padding_phone=\u00bbinherit\u00bb column_padding_position=\u00bball\u00bb column_element_spacing=\u00bbdefault\u00bb...","og_url":"https:\/\/rhum-damoiseau.com\/faq\/","og_site_name":"Les Rhums Damoiseau","article_publisher":"https:\/\/www.facebook.com\/rhumdamoiseau\/","article_modified_time":"2022-02-09T17:32:23+00:00","twitter_card":"summary_large_image","twitter_site":"@RhumDamoiseau","twitter_misc":{"Tiempo de lectura":"5 minutos"},"schema":{"@context":"https:\/\/schema.org","@graph":[{"@type":"WebPage","@id":"https:\/\/rhum-damoiseau.com\/faq\/","url":"https:\/\/rhum-damoiseau.com\/faq\/","name":"Preguntas frecuentes - Les Rhums Damoiseau","isPartOf":{"@id":"https:\/\/rhum-damoiseau.com\/#website"},"datePublished":"2020-02-27T11:09:03+00:00","dateModified":"2022-02-09T17:32:23+00:00","breadcrumb":{"@id":"https:\/\/rhum-damoiseau.com\/faq\/#breadcrumb"},"inLanguage":"es","potentialAction":[{"@type":"ReadAction","target":["https:\/\/rhum-damoiseau.com\/faq\/"]}]},{"@type":"BreadcrumbList","@id":"https:\/\/rhum-damoiseau.com\/faq\/#breadcrumb","itemListElement":[{"@type":"ListItem","position":1,"name":"Accueil","item":"https:\/\/rhum-damoiseau.com\/es\/"},{"@type":"ListItem","position":2,"name":"Preguntas frecuentes"}]},{"@type":"WebSite","@id":"https:\/\/rhum-damoiseau.com\/#website","url":"https:\/\/rhum-damoiseau.com\/","name":"Les Rhums Damoiseau","description":"","publisher":{"@id":"https:\/\/rhum-damoiseau.com\/#organization"},"potentialAction":[{"@type":"SearchAction","target":{"@type":"EntryPoint","urlTemplate":"https:\/\/rhum-damoiseau.com\/?s={search_term_string}"},"query-input":{"@type":"PropertyValueSpecification","valueRequired":true,"valueName":"search_term_string"}}],"inLanguage":"es"},{"@type":"Organization","@id":"https:\/\/rhum-damoiseau.com\/#organization","name":"Rhum Damoiseau","url":"https:\/\/rhum-damoiseau.com\/","logo":{"@type":"ImageObject","inLanguage":"es","@id":"https:\/\/rhum-damoiseau.com\/#\/schema\/logo\/image\/","url":"https:\/\/rhum-damoiseau.com\/wp-content\/uploads\/2019\/10\/logo-rhum-damoiseau.png","contentUrl":"https:\/\/rhum-damoiseau.com\/wp-content\/uploads\/2019\/10\/logo-rhum-damoiseau.png","width":339,"height":218,"caption":"Rhum Damoiseau"},"image":{"@id":"https:\/\/rhum-damoiseau.com\/#\/schema\/logo\/image\/"},"sameAs":["https:\/\/www.facebook.com\/rhumdamoiseau\/","https:\/\/x.com\/RhumDamoiseau","https:\/\/www.instagram.com\/rhum_damoiseau\/?hl=fr"]}]}},"_links":{"self":[{"href":"https:\/\/rhum-damoiseau.com\/es\/wp-json\/wp\/v2\/pages\/4281","targetHints":{"allow":["GET"]}}],"collection":[{"href":"https:\/\/rhum-damoiseau.com\/es\/wp-json\/wp\/v2\/pages"}],"about":[{"href":"https:\/\/rhum-damoiseau.com\/es\/wp-json\/wp\/v2\/types\/page"}],"author":[{"embeddable":true,"href":"https:\/\/rhum-damoiseau.com\/es\/wp-json\/wp\/v2\/users\/1"}],"replies":[{"embeddable":true,"href":"https:\/\/rhum-damoiseau.com\/es\/wp-json\/wp\/v2\/comments?post=4281"}],"version-history":[{"count":0,"href":"https:\/\/rhum-damoiseau.com\/es\/wp-json\/wp\/v2\/pages\/4281\/revisions"}],"wp:attachment":[{"href":"https:\/\/rhum-damoiseau.com\/es\/wp-json\/wp\/v2\/media?parent=4281"}],"curies":[{"name":"wp","href":"https:\/\/api.w.org\/{rel}","templated":true}]}}