{"id":4751,"date":"2020-02-27T11:09:03","date_gmt":"2020-02-27T11:09:03","guid":{"rendered":"https:\/\/rhum-damoiseau.com\/faq\/"},"modified":"2022-02-09T17:34:29","modified_gmt":"2022-02-09T17:34:29","slug":"faq","status":"publish","type":"page","link":"https:\/\/rhum-damoiseau.com\/it\/faq\/","title":{"rendered":"FAQ"},"content":{"rendered":"[vc_row type=&#8221;full_width_background&#8221; full_screen_row_position=&#8221;middle&#8221; column_margin=&#8221;default&#8221; column_direction=&#8221;default&#8221; column_direction_tablet=&#8221;default&#8221; column_direction_phone=&#8221;default&#8221; bg_image=&#8221;537&#8243; bg_position=&#8221;center bottom&#8221; background_image_loading=&#8221;default&#8221; bg_repeat=&#8221;no-repeat&#8221; scene_position=&#8221;center&#8221; bottom_padding=&#8221;5%&#8221; text_color=&#8221;dark&#8221; text_align=&#8221;left&#8221; row_border_radius=&#8221;none&#8221; row_border_radius_applies=&#8221;bg&#8221; overflow=&#8221;visible&#8221; class=&#8221;confidentialite-header-background&#8221; overlay_strength=&#8221;0.3&#8243; gradient_direction=&#8221;left_to_right&#8221; shape_divider_position=&#8221;bottom&#8221; bg_image_animation=&#8221;none&#8221; shape_type=&#8221;&#8221;][vc_column column_padding=&#8221;padding-5-percent&#8221; column_padding_tablet=&#8221;inherit&#8221; column_padding_phone=&#8221;inherit&#8221; column_padding_position=&#8221;all&#8221; column_element_spacing=&#8221;default&#8221; background_color_opacity=&#8221;1&#8243; background_hover_color_opacity=&#8221;1&#8243; column_shadow=&#8221;none&#8221; column_border_radius=&#8221;none&#8221; column_link_target=&#8221;_self&#8221; column_position=&#8221;default&#8221; gradient_direction=&#8221;left_to_right&#8221; overlay_strength=&#8221;0.3&#8243; width=&#8221;1\/1&#8243; tablet_width_inherit=&#8221;default&#8221; tablet_text_alignment=&#8221;default&#8221; phone_text_alignment=&#8221;default&#8221; animation_type=&#8221;default&#8221; bg_image_animation=&#8221;none&#8221; border_type=&#8221;simple&#8221; column_border_width=&#8221;none&#8221; column_border_style=&#8221;solid&#8221;][heading subtitle=&#8221;sul rum Damoiseau&#8221;]\n<h1>Domande frequenti<\/h1>\n[\/heading][\/vc_column][\/vc_row][vc_row type=&#8221;in_container&#8221; full_screen_row_position=&#8221;middle&#8221; column_margin=&#8221;default&#8221; column_direction=&#8221;default&#8221; column_direction_tablet=&#8221;default&#8221; column_direction_phone=&#8221;default&#8221; scene_position=&#8221;center&#8221; text_color=&#8221;dark&#8221; text_align=&#8221;left&#8221; row_border_radius=&#8221;none&#8221; row_border_radius_applies=&#8221;bg&#8221; overflow=&#8221;visible&#8221; class=&#8221;faq&#8221; overlay_strength=&#8221;0.3&#8243; gradient_direction=&#8221;left_to_right&#8221; shape_divider_position=&#8221;bottom&#8221; bg_image_animation=&#8221;none&#8221; shape_type=&#8221;&#8221;][vc_column column_padding=&#8221;no-extra-padding&#8221; column_padding_tablet=&#8221;inherit&#8221; column_padding_phone=&#8221;inherit&#8221; column_padding_position=&#8221;all&#8221; column_element_spacing=&#8221;default&#8221; background_color_opacity=&#8221;1&#8243; background_hover_color_opacity=&#8221;1&#8243; column_shadow=&#8221;none&#8221; column_border_radius=&#8221;none&#8221; column_link_target=&#8221;_self&#8221; column_position=&#8221;default&#8221; gradient_direction=&#8221;left_to_right&#8221; overlay_strength=&#8221;0.3&#8243; width=&#8221;1\/1&#8243; tablet_width_inherit=&#8221;default&#8221; tablet_text_alignment=&#8221;default&#8221; phone_text_alignment=&#8221;default&#8221; animation_type=&#8221;default&#8221; bg_image_animation=&#8221;none&#8221; border_type=&#8221;simple&#8221; column_border_width=&#8221;none&#8221; column_border_style=&#8221;solid&#8221;][toggles style=&#8221;minimal&#8221; accordion=&#8221;true&#8221; accordion_starting_functionality=&#8221;default&#8221;][toggle color=&#8221;Extra-Color-1&#8243; title=&#8221;Perch\u00e9 il rum \u00e8 pi\u00f9 caro in Francia metropolitana che nelle Antille?&#8221;][vc_column_text]Le Antille e La Riunione godono di una fiscalit\u00e0 privilegiata sui rum.<br \/>\nEccone il dettaglio:[\/vc_column_text][image_with_animation image_url=&#8221;5315&#8243; image_size=&#8221;full&#8221; animation_type=&#8221;entrance&#8221; animation=&#8221;None&#8221; hover_animation=&#8221;none&#8221; alignment=&#8221;center&#8221; border_radius=&#8221;none&#8221; box_shadow=&#8221;none&#8221; image_loading=&#8221;default&#8221; max_width=&#8221;100%&#8221; max_width_mobile=&#8221;default&#8221;][vc_column_text][\/vc_column_text][\/toggle][toggle color=&#8221;Extra-Color-1&#8243; title=&#8221;Perch\u00e9 passare per un distributore per l&#8217;estero e qual \u00e8 la normativa?&#8221;][vc_column_text]Le leggi in vigore in tutti i paesi del mondo impongono che le accise e le tasse sugli alcolici siano pagate sul luogo di consumo e non sul luogo di produzione o di spedizione. Di conseguenza, la normativa ci obbliga a passare per un distributore autorizzato da un punto di vista fiscale che paga le accise e le tasse in vigore prima di immettere al consumo nostri prodotti. \u00c8 la ragione per cui ci \u00e8 impossibile spedire direttamente il rum a un privato o un&#8217;azienda situati all\u2019estero che non dispongano di un\u2019autorizzazione fiscale.[\/vc_column_text][vc_column_text][\/vc_column_text][\/toggle][toggle color=&#8221;Extra-Color-1&#8243; title=&#8221;Come ottenere dei bag in box da 4,5 litri?&#8221;][vc_column_text]Ci sono due soluzioni:<\/p>\n<ul>\n<li>Andare in un negozio METRO che distribuisce i bag in box di rum Damoiseau da 4,5 litri<\/li>\n<li><a href=\"https:\/\/www.rhum-des-iles.com\/7-rhum-damoiseau\" target=\"_blank\" rel=\"noopener noreferrer\">Ordinare on-line<\/a> (riservato esclusivamente alle spedizioni in Francia metropolitana)<\/li>\n<\/ul>\n[\/vc_column_text][vc_column_text][\/vc_column_text][\/toggle][toggle color=&#8221;Extra-Color-1&#8243; title=&#8221;\u00c8 possibile venire nei vostri magazzini nella regione parigina?&#8221;][vc_column_text]Saremmo lieti di ricevere la vostra visita. Purtroppo per\u00f2 i nostri magazzini nella regione parigina sono soggetti a una legislazione molto rigorosa (Impianto classificato per la protezione dell&#8217;ambiente) e non hanno l\u2019abilitazione necessaria agli edifici destinati a ricevere il pubblico (ERP).[\/vc_column_text][vc_column_text][\/vc_column_text][\/toggle][toggle color=&#8221;Extra-Color-1&#8243; title=&#8221;Perch\u00e9 a volte i vostri prodotti sono esauriti?&#8221;][vc_column_text]Facciamo di tutto per stoccare quantit\u00e0 sufficienti di ciascuno dei nostri prodotti per potervi soddisfare, pianificando accuratamente in anticipo i nostri approvvigionamenti. Tutti i nostri prodotti sono imbottigliati in Guadalupa e non subiscono modifiche n\u00e9 trasformazioni al loro arrivo in Francia metropolitana. Sono prodotti 100% \u00ab locali \u00bb.<\/p>\n<p>Detto ci\u00f2, talvolta subiamo, in modo totalmente imprevedibile, le conseguenze di movimenti sociali in Guadalupa (scioperi dell\u2019unico porto, dei trasportatori, delle stazioni di servizio\u2026 o sciopero generale di 44 giorni come nel 2009!). Anche se abbiamo investito in maggiori capacit\u00e0 di stoccaggio in Francia metropolitana, se i disordini durano troppo a lungo, arriva inevitabilmente il momento in cui si verifica l\u2019esaurimento delle scorte.<\/p>\n<p>Per non peggiorare le cose, in caso di scioperi del porto in Guadalupa (frequenti e non del tutto pubblicizzati sui mezzi di comunicazione in Francia metropolitana), le navi scaricano i nostri container di bottiglie vuote ovunque nei Caraibi, dobbiamo allora recuperare i nostri container uno a uno da Trinidad a Portorico, poi riavviare le nostre catene di imbottigliamento.<\/p>\n<p>Tutto ci\u00f2 provoca ritardi, che fortunatamente abbiamo potuto abbreviare dopo lo sciopero del 2009, ma non eliminare del tut&#8230;[\/vc_column_text][vc_column_text][\/vc_column_text][\/toggle][toggle color=&#8221;Extra-Color-1&#8243; title=&#8221;Vorrei aprire il mio negozio o la mia rumeria. A chi mi devo rivolgere?&#8221;][vc_column_text]La cosa migliore \u00e8 rivolgersi ai nostri <a href=\"\/it\/punti-vendita\/#grossistes\">grossisti<\/a>. Infatti nella nostra base logistica nella regione parigina trattiamo solo i grossi volumi per pallet completi, che spediamo ai nostri grossisti in regione per limitare al massimo i costi logistici che diventano rapidamente molto elevati.[\/vc_column_text][vc_column_text][\/vc_column_text][\/toggle][toggle color=&#8221;Extra-Color-1&#8243; title=&#8221;Vorrei aprire una mia azienda di rum arrang\u00e9. Potete fornirmi rum sfuso?&#8221;][vc_column_text]La nostra societ\u00e0 non fornisce rum sfuso. Tutti i nostri prodotti sono confezionati in bottiglie (da 35 cl a 1,5 litri) e in box in bag (da 3 litri a 5 litri), sul posto in Guadalupa.[\/vc_column_text][vc_column_text][\/vc_column_text][\/toggle][toggle color=&#8221;Extra-Color-1&#8243; title=&#8221;Qual \u00e8 la differenza tra rum agricolo e rum industriale? La Guadalupa produce rum industriale?&#8221;][vc_column_text]La differenza tra il rum agricolo e il rum industriale \u00e8 principalmente legata a due fattori:<\/p>\n<p>&#8211; il rum agricolo \u00e8 distillato da puro succo di canna pressato mentre il rum industriale \u00e8 prodotto a partire da un mosto di melassa, residuo organico dell\u2019elaborazione dello zucchero. Molti paesi, sprovvisti di canna da zucchero, comprano melassa nei paesi produttori di canna da zucchero per produrre rum industriale.<br \/>\n&#8211; L\u2019altra differenza \u00e8 l\u2019alambicco utilizzato, colonna di distillazione creola per l\u2019agricolo (artigianale o semi artigianale), multicolonna per il rum industriale.<\/p>\n<p>Dal punto di vista organolettico, il rum agricolo si differenzia per un profumo floreale, vegetale, con una dolcezza e una complessit\u00e0 naturali, e un tenore di sostanze volatili (TNA) nel rum di minimo 225 g per ettolitro di alcol puro. Per il rum industriale il processo \u00e8 totalmente automatizzato e produce un alcol povero di TNA, un distillato piuttosto secco e utilizzato principalmente come base nella preparazione dei cocktail.<\/p>\n<p>L\u2019Indicazione Geografica della Guadalupa permette di produrre due tipi di rum, nessuno dei quali pu\u00f2 essere definito \u201cindustriale\u201d. Il rum di Guadalupa \u00e8 un rum in cui tutto il processo \u00e8 realizzato nell&#8217;area geografica costituita dal territorio del dipartimento della Guadalupa. Pu\u00f2 essere \u201ctradizionale agricolo\u201d, 100% puro succo di canna fermentato distillato, o \u201ctradizionale di zuccherificio\u201d, distillato a partire dalle melasse, provenienti dalla produzione saccarifera locale.<\/p>\n<p>Il rum tradizionale della Guadalupa, che sia agricolo o di zuccherificio, a differenza del rum industriale, \u00e8 ricco di TNA grazie alla distillazione creola che d\u00e0 vita a un rum fruttato, floreale, dolce e minerale che piace.[\/vc_column_text][vc_column_text][\/vc_column_text][\/toggle][\/toggles][\/vc_column][\/vc_row]\n","protected":false},"excerpt":{"rendered":"<p>[vc_row type=&#8221;full_width_background&#8221; full_screen_row_position=&#8221;middle&#8221; column_margin=&#8221;default&#8221; column_direction=&#8221;default&#8221; column_direction_tablet=&#8221;default&#8221; column_direction_phone=&#8221;default&#8221; bg_image=&#8221;537&#8243; bg_position=&#8221;center bottom&#8221; background_image_loading=&#8221;default&#8221; bg_repeat=&#8221;no-repeat&#8221; scene_position=&#8221;center&#8221; bottom_padding=&#8221;5%&#8221; text_color=&#8221;dark&#8221; text_align=&#8221;left&#8221; row_border_radius=&#8221;none&#8221; row_border_radius_applies=&#8221;bg&#8221; overflow=&#8221;visible&#8221; class=&#8221;confidentialite-header-background&#8221; overlay_strength=&#8221;0.3&#8243; gradient_direction=&#8221;left_to_right&#8221; shape_divider_position=&#8221;bottom&#8221; bg_image_animation=&#8221;none&#8221; shape_type=&#8221;&#8221;][vc_column column_padding=&#8221;padding-5-percent&#8221; column_padding_tablet=&#8221;inherit&#8221; column_padding_phone=&#8221;inherit&#8221; column_padding_position=&#8221;all&#8221; column_element_spacing=&#8221;default&#8221;&#8230;<\/p>\n","protected":false},"author":1,"featured_media":0,"parent":0,"menu_order":0,"comment_status":"closed","ping_status":"closed","template":"","meta":{"footnotes":""},"class_list":["post-4751","page","type-page","status-publish"],"yoast_head":"<!-- This site is optimized with the Yoast SEO plugin v27.4 - https:\/\/yoast.com\/product\/yoast-seo-wordpress\/ -->\n<title>FAQ - Les Rhums Damoiseau<\/title>\n<meta name=\"robots\" content=\"index, follow, max-snippet:-1, max-image-preview:large, max-video-preview:-1\" \/>\n<link rel=\"canonical\" href=\"https:\/\/rhum-damoiseau.com\/faq\/\" \/>\n<meta property=\"og:locale\" content=\"it_IT\" \/>\n<meta property=\"og:type\" content=\"article\" \/>\n<meta property=\"og:title\" content=\"FAQ - Les Rhums Damoiseau\" \/>\n<meta property=\"og:description\" content=\"[vc_row type=&#8221;full_width_background&#8221; full_screen_row_position=&#8221;middle&#8221; column_margin=&#8221;default&#8221; column_direction=&#8221;default&#8221; column_direction_tablet=&#8221;default&#8221; column_direction_phone=&#8221;default&#8221; bg_image=&#8221;537&#8243; bg_position=&#8221;center bottom&#8221; background_image_loading=&#8221;default&#8221; bg_repeat=&#8221;no-repeat&#8221; scene_position=&#8221;center&#8221; bottom_padding=&#8221;5%&#8221; text_color=&#8221;dark&#8221; text_align=&#8221;left&#8221; row_border_radius=&#8221;none&#8221; row_border_radius_applies=&#8221;bg&#8221; overflow=&#8221;visible&#8221; class=&#8221;confidentialite-header-background&#8221; overlay_strength=&#8221;0.3&#8243; gradient_direction=&#8221;left_to_right&#8221; shape_divider_position=&#8221;bottom&#8221; bg_image_animation=&#8221;none&#8221; shape_type=&#8221;&#8221;][vc_column column_padding=&#8221;padding-5-percent&#8221; column_padding_tablet=&#8221;inherit&#8221; column_padding_phone=&#8221;inherit&#8221; column_padding_position=&#8221;all&#8221; column_element_spacing=&#8221;default&#8221;...\" \/>\n<meta property=\"og:url\" content=\"https:\/\/rhum-damoiseau.com\/faq\/\" \/>\n<meta property=\"og:site_name\" content=\"Les Rhums Damoiseau\" \/>\n<meta property=\"article:publisher\" content=\"https:\/\/www.facebook.com\/rhumdamoiseau\/\" \/>\n<meta property=\"article:modified_time\" content=\"2022-02-09T17:34:29+00:00\" \/>\n<meta name=\"twitter:card\" content=\"summary_large_image\" \/>\n<meta name=\"twitter:site\" content=\"@RhumDamoiseau\" \/>\n<meta name=\"twitter:label1\" content=\"Tempo di lettura stimato\" \/>\n\t<meta name=\"twitter:data1\" content=\"4 minuti\" \/>\n<script type=\"application\/ld+json\" class=\"yoast-schema-graph\">{\"@context\":\"https:\\\/\\\/schema.org\",\"@graph\":[{\"@type\":\"WebPage\",\"@id\":\"https:\\\/\\\/rhum-damoiseau.com\\\/faq\\\/\",\"url\":\"https:\\\/\\\/rhum-damoiseau.com\\\/faq\\\/\",\"name\":\"FAQ - Les Rhums Damoiseau\",\"isPartOf\":{\"@id\":\"https:\\\/\\\/rhum-damoiseau.com\\\/#website\"},\"datePublished\":\"2020-02-27T11:09:03+00:00\",\"dateModified\":\"2022-02-09T17:34:29+00:00\",\"breadcrumb\":{\"@id\":\"https:\\\/\\\/rhum-damoiseau.com\\\/faq\\\/#breadcrumb\"},\"inLanguage\":\"it-IT\",\"potentialAction\":[{\"@type\":\"ReadAction\",\"target\":[\"https:\\\/\\\/rhum-damoiseau.com\\\/faq\\\/\"]}]},{\"@type\":\"BreadcrumbList\",\"@id\":\"https:\\\/\\\/rhum-damoiseau.com\\\/faq\\\/#breadcrumb\",\"itemListElement\":[{\"@type\":\"ListItem\",\"position\":1,\"name\":\"Accueil\",\"item\":\"https:\\\/\\\/rhum-damoiseau.com\\\/it\\\/\"},{\"@type\":\"ListItem\",\"position\":2,\"name\":\"FAQ\"}]},{\"@type\":\"WebSite\",\"@id\":\"https:\\\/\\\/rhum-damoiseau.com\\\/#website\",\"url\":\"https:\\\/\\\/rhum-damoiseau.com\\\/\",\"name\":\"Les Rhums Damoiseau\",\"description\":\"\",\"publisher\":{\"@id\":\"https:\\\/\\\/rhum-damoiseau.com\\\/#organization\"},\"potentialAction\":[{\"@type\":\"SearchAction\",\"target\":{\"@type\":\"EntryPoint\",\"urlTemplate\":\"https:\\\/\\\/rhum-damoiseau.com\\\/?s={search_term_string}\"},\"query-input\":{\"@type\":\"PropertyValueSpecification\",\"valueRequired\":true,\"valueName\":\"search_term_string\"}}],\"inLanguage\":\"it-IT\"},{\"@type\":\"Organization\",\"@id\":\"https:\\\/\\\/rhum-damoiseau.com\\\/#organization\",\"name\":\"Rhum Damoiseau\",\"url\":\"https:\\\/\\\/rhum-damoiseau.com\\\/\",\"logo\":{\"@type\":\"ImageObject\",\"inLanguage\":\"it-IT\",\"@id\":\"https:\\\/\\\/rhum-damoiseau.com\\\/#\\\/schema\\\/logo\\\/image\\\/\",\"url\":\"https:\\\/\\\/rhum-damoiseau.com\\\/wp-content\\\/uploads\\\/2019\\\/10\\\/logo-rhum-damoiseau.png\",\"contentUrl\":\"https:\\\/\\\/rhum-damoiseau.com\\\/wp-content\\\/uploads\\\/2019\\\/10\\\/logo-rhum-damoiseau.png\",\"width\":339,\"height\":218,\"caption\":\"Rhum Damoiseau\"},\"image\":{\"@id\":\"https:\\\/\\\/rhum-damoiseau.com\\\/#\\\/schema\\\/logo\\\/image\\\/\"},\"sameAs\":[\"https:\\\/\\\/www.facebook.com\\\/rhumdamoiseau\\\/\",\"https:\\\/\\\/x.com\\\/RhumDamoiseau\",\"https:\\\/\\\/www.instagram.com\\\/rhum_damoiseau\\\/?hl=fr\"]}]}<\/script>\n<!-- \/ Yoast SEO plugin. -->","yoast_head_json":{"title":"FAQ - Les Rhums Damoiseau","robots":{"index":"index","follow":"follow","max-snippet":"max-snippet:-1","max-image-preview":"max-image-preview:large","max-video-preview":"max-video-preview:-1"},"canonical":"https:\/\/rhum-damoiseau.com\/faq\/","og_locale":"it_IT","og_type":"article","og_title":"FAQ - Les Rhums Damoiseau","og_description":"[vc_row type=&#8221;full_width_background&#8221; full_screen_row_position=&#8221;middle&#8221; column_margin=&#8221;default&#8221; column_direction=&#8221;default&#8221; column_direction_tablet=&#8221;default&#8221; column_direction_phone=&#8221;default&#8221; bg_image=&#8221;537&#8243; bg_position=&#8221;center bottom&#8221; background_image_loading=&#8221;default&#8221; bg_repeat=&#8221;no-repeat&#8221; scene_position=&#8221;center&#8221; bottom_padding=&#8221;5%&#8221; text_color=&#8221;dark&#8221; text_align=&#8221;left&#8221; row_border_radius=&#8221;none&#8221; row_border_radius_applies=&#8221;bg&#8221; overflow=&#8221;visible&#8221; class=&#8221;confidentialite-header-background&#8221; overlay_strength=&#8221;0.3&#8243; gradient_direction=&#8221;left_to_right&#8221; shape_divider_position=&#8221;bottom&#8221; bg_image_animation=&#8221;none&#8221; shape_type=&#8221;&#8221;][vc_column column_padding=&#8221;padding-5-percent&#8221; column_padding_tablet=&#8221;inherit&#8221; column_padding_phone=&#8221;inherit&#8221; column_padding_position=&#8221;all&#8221; column_element_spacing=&#8221;default&#8221;...","og_url":"https:\/\/rhum-damoiseau.com\/faq\/","og_site_name":"Les Rhums Damoiseau","article_publisher":"https:\/\/www.facebook.com\/rhumdamoiseau\/","article_modified_time":"2022-02-09T17:34:29+00:00","twitter_card":"summary_large_image","twitter_site":"@RhumDamoiseau","twitter_misc":{"Tempo di lettura stimato":"4 minuti"},"schema":{"@context":"https:\/\/schema.org","@graph":[{"@type":"WebPage","@id":"https:\/\/rhum-damoiseau.com\/faq\/","url":"https:\/\/rhum-damoiseau.com\/faq\/","name":"FAQ - Les Rhums Damoiseau","isPartOf":{"@id":"https:\/\/rhum-damoiseau.com\/#website"},"datePublished":"2020-02-27T11:09:03+00:00","dateModified":"2022-02-09T17:34:29+00:00","breadcrumb":{"@id":"https:\/\/rhum-damoiseau.com\/faq\/#breadcrumb"},"inLanguage":"it-IT","potentialAction":[{"@type":"ReadAction","target":["https:\/\/rhum-damoiseau.com\/faq\/"]}]},{"@type":"BreadcrumbList","@id":"https:\/\/rhum-damoiseau.com\/faq\/#breadcrumb","itemListElement":[{"@type":"ListItem","position":1,"name":"Accueil","item":"https:\/\/rhum-damoiseau.com\/it\/"},{"@type":"ListItem","position":2,"name":"FAQ"}]},{"@type":"WebSite","@id":"https:\/\/rhum-damoiseau.com\/#website","url":"https:\/\/rhum-damoiseau.com\/","name":"Les Rhums Damoiseau","description":"","publisher":{"@id":"https:\/\/rhum-damoiseau.com\/#organization"},"potentialAction":[{"@type":"SearchAction","target":{"@type":"EntryPoint","urlTemplate":"https:\/\/rhum-damoiseau.com\/?s={search_term_string}"},"query-input":{"@type":"PropertyValueSpecification","valueRequired":true,"valueName":"search_term_string"}}],"inLanguage":"it-IT"},{"@type":"Organization","@id":"https:\/\/rhum-damoiseau.com\/#organization","name":"Rhum Damoiseau","url":"https:\/\/rhum-damoiseau.com\/","logo":{"@type":"ImageObject","inLanguage":"it-IT","@id":"https:\/\/rhum-damoiseau.com\/#\/schema\/logo\/image\/","url":"https:\/\/rhum-damoiseau.com\/wp-content\/uploads\/2019\/10\/logo-rhum-damoiseau.png","contentUrl":"https:\/\/rhum-damoiseau.com\/wp-content\/uploads\/2019\/10\/logo-rhum-damoiseau.png","width":339,"height":218,"caption":"Rhum Damoiseau"},"image":{"@id":"https:\/\/rhum-damoiseau.com\/#\/schema\/logo\/image\/"},"sameAs":["https:\/\/www.facebook.com\/rhumdamoiseau\/","https:\/\/x.com\/RhumDamoiseau","https:\/\/www.instagram.com\/rhum_damoiseau\/?hl=fr"]}]}},"_links":{"self":[{"href":"https:\/\/rhum-damoiseau.com\/it\/wp-json\/wp\/v2\/pages\/4751","targetHints":{"allow":["GET"]}}],"collection":[{"href":"https:\/\/rhum-damoiseau.com\/it\/wp-json\/wp\/v2\/pages"}],"about":[{"href":"https:\/\/rhum-damoiseau.com\/it\/wp-json\/wp\/v2\/types\/page"}],"author":[{"embeddable":true,"href":"https:\/\/rhum-damoiseau.com\/it\/wp-json\/wp\/v2\/users\/1"}],"replies":[{"embeddable":true,"href":"https:\/\/rhum-damoiseau.com\/it\/wp-json\/wp\/v2\/comments?post=4751"}],"version-history":[{"count":0,"href":"https:\/\/rhum-damoiseau.com\/it\/wp-json\/wp\/v2\/pages\/4751\/revisions"}],"wp:attachment":[{"href":"https:\/\/rhum-damoiseau.com\/it\/wp-json\/wp\/v2\/media?parent=4751"}],"curies":[{"name":"wp","href":"https:\/\/api.w.org\/{rel}","templated":true}]}}